{"id":27,"date":"2019-04-03T10:48:33","date_gmt":"2019-04-03T10:48:33","guid":{"rendered":"http:\/\/oulunseutuvarasto.fi\/?page_id=27"},"modified":"2019-05-20T07:13:38","modified_gmt":"2019-05-20T07:13:38","slug":"yhteystiedot","status":"publish","type":"page","link":"https:\/\/oulunseutuvarasto.fi\/index.php\/yhteystiedot\/","title":{"rendered":"Yhteystiedot"},"content":{"rendered":"<p>[et_pb_section fb_built=&#8221;1&#8243; disabled_on=&#8221;on|on|off&#8221; _builder_version=&#8221;3.22.2&#8243; background_image=&#8221;http:\/\/oulunseutuvarasto.fi\/wp-content\/uploads\/2019\/04\/YHTEYS-1.jpg&#8221; parallax=&#8221;on&#8221; custom_padding=&#8221;206px||0px|||&#8221;][et_pb_row background_color_1=&#8221;rgba(0,0,0,0)&#8221; _builder_version=&#8221;3.22.2&#8243; background_color=&#8221;rgba(0,0,0,0)&#8221; width=&#8221;100%&#8221; max_width=&#8221;595px&#8221; module_alignment=&#8221;center&#8221; min_height=&#8221;597px&#8221; animation_direction=&#8221;bottom&#8221; use_custom_width=&#8221;on&#8221; custom_width_px=&#8221;690px&#8221;][et_pb_column type=&#8221;4_4&#8243; _builder_version=&#8221;3.21.2&#8243;][et_pb_text _builder_version=&#8221;3.22.2&#8243; text_font=&#8221;||||||||&#8221; text_font_size=&#8221;28px&#8221; text_line_height=&#8221;1.2em&#8221; header_font=&#8221;|600|||||||&#8221; header_font_size=&#8221;56px&#8221; background_color=&#8221;rgba(0,0,0,0)&#8221; animation_style=&#8221;zoom&#8221; animation_duration=&#8221;1200ms&#8221;]<\/p>\n<h1>Etsitk\u00f6 varastotilaa?<\/h1>\n<p>Vuokraa tiloja ottamalla yhteytt\u00e4 meihin s\u00e4hk\u00f6postitse tai soittamalla. Kerro meille mink\u00e4 kokoista tilaa olet etsim\u00e4ss\u00e4 ja kuinka pitk\u00e4ksi aikaa. Autamme sinua mielell\u00e4mme.<\/p>\n<p>[\/et_pb_text][\/et_pb_column][\/et_pb_row][\/et_pb_section][et_pb_section fb_built=&#8221;1&#8243; disabled_on=&#8221;off|on|on&#8221; _builder_version=&#8221;3.22.2&#8243; background_image=&#8221;http:\/\/oulunseutuvarasto.fi\/wp-content\/uploads\/2019\/04\/YHTEYS-1.jpg&#8221; background_size=&#8221;contain&#8221; custom_padding=&#8221;0px||0px|||&#8221;][et_pb_row custom_padding=&#8221;32px||0px|||&#8221; custom_margin=&#8221;|auto|52px|auto||&#8221; background_color_1=&#8221;rgba(0,0,0,0)&#8221; _builder_version=&#8221;3.22.2&#8243; background_color=&#8221;rgba(0,0,0,0)&#8221; width=&#8221;100%&#8221; max_width=&#8221;595px&#8221; module_alignment=&#8221;center&#8221; min_height=&#8221;597px&#8221; animation_direction=&#8221;bottom&#8221; use_custom_width=&#8221;on&#8221; custom_width_px=&#8221;690px&#8221;][et_pb_column type=&#8221;4_4&#8243; _builder_version=&#8221;3.21.2&#8243;][et_pb_text _builder_version=&#8221;3.22.2&#8243; text_font=&#8221;||||||||&#8221; text_font_size=&#8221;18px&#8221; text_line_height=&#8221;1.2em&#8221; header_font=&#8221;|600|||||||&#8221; header_font_size=&#8221;42px&#8221; background_color=&#8221;rgba(0,0,0,0)&#8221; custom_margin=&#8221;|20px||20px&#8221; animation_style=&#8221;zoom&#8221; animation_duration=&#8221;1200ms&#8221;]<\/p>\n<h1>Etsitk\u00f6 varastotilaa?<\/h1>\n<p>Vuokraa tiloja ottamalla yhteytt\u00e4 meihin s\u00e4hk\u00f6postitse tai soittamalla. Kerro meille mink\u00e4 kokoista tilaa olet etsim\u00e4ss\u00e4 ja kuinka pitk\u00e4ksi aikaa. Autamme sinua mielell\u00e4mme.<\/p>\n<p>[\/et_pb_text][\/et_pb_column][\/et_pb_row][\/et_pb_section][et_pb_section fb_built=&#8221;1&#8243; disabled_on=&#8221;on|off|on&#8221; _builder_version=&#8221;3.22.2&#8243; background_image=&#8221;http:\/\/oulunseutuvarasto.fi\/wp-content\/uploads\/2019\/04\/Yhteyssivu.jpg&#8221; parallax=&#8221;on&#8221; custom_margin=&#8221;0px||&#8221; custom_padding=&#8221;0px||0px|||&#8221;][et_pb_row custom_padding=&#8221;0px||0px|||&#8221; custom_margin=&#8221;||-17px&#8221; background_color_1=&#8221;rgba(0,0,0,0)&#8221; padding_top_1=&#8221;100px&#8221; padding_right_1=&#8221;70px&#8221; padding_left_1=&#8221;70px&#8221; _builder_version=&#8221;3.22.2&#8243; background_color=&#8221;rgba(0,0,0,0)&#8221; width=&#8221;100%&#8221; max_width=&#8221;595px&#8221; module_alignment=&#8221;center&#8221; min_height=&#8221;597px&#8221; animation_direction=&#8221;bottom&#8221; use_custom_width=&#8221;on&#8221; custom_width_px=&#8221;690px&#8221;][et_pb_column type=&#8221;4_4&#8243; _builder_version=&#8221;3.21.2&#8243;][et_pb_text _builder_version=&#8221;3.22.2&#8243; text_font=&#8221;||||||||&#8221; text_font_size=&#8221;28px&#8221; text_line_height=&#8221;1.2em&#8221; header_font=&#8221;|600|||||||&#8221; header_font_size=&#8221;56px&#8221; background_color=&#8221;rgba(0,0,0,0)&#8221; custom_padding=&#8221;0px|||||&#8221; animation_style=&#8221;zoom&#8221; animation_duration=&#8221;1200ms&#8221;]<\/p>\n<h1>Etsitk\u00f6 varastotilaa?<\/h1>\n<p>Vuokraa tiloja ottamalla yhteytt\u00e4 meihin s\u00e4hk\u00f6postitse tai soittamalla. Kerro meille mink\u00e4 kokoista tilaa olet etsim\u00e4ss\u00e4 ja kuinka pitk\u00e4ksi aikaa. Autamme sinua mielell\u00e4mme.<\/p>\n<p>[\/et_pb_text][\/et_pb_column][\/et_pb_row][\/et_pb_section][et_pb_section fb_built=&#8221;1&#8243; disabled_on=&#8221;on|off|off&#8221; _builder_version=&#8221;3.22.2&#8243; background_color=&#8221;#ffeb1a&#8221; custom_padding=&#8221;54px|0px|40px|0px|false|false&#8221;][et_pb_row _builder_version=&#8221;3.22.2&#8243; max_width=&#8221;595px&#8221; use_custom_width=&#8221;on&#8221; custom_width_px=&#8221;500px&#8221; custom_padding=&#8221;||0px|||&#8221;][et_pb_column type=&#8221;4_4&#8243; _builder_version=&#8221;3.21.2&#8243;][et_pb_image src=&#8221;http:\/\/oulunseutuvarasto.fi\/wp-content\/uploads\/2019\/04\/Viesti.png&#8221; url=&#8221;mailto:info@oulunseutuvarasto.fi&#8221; align=&#8221;center&#8221; _builder_version=&#8221;3.22.2&#8243; custom_margin=&#8221;-21px|||||&#8221; animation_style=&#8221;bounce&#8221; animation_duration=&#8221;1300ms&#8221; animation_delay=&#8221;500ms&#8221;][\/et_pb_image][et_pb_text _builder_version=&#8221;3.21.2&#8243; text_font=&#8221;|600|||||||&#8221; text_font_size=&#8221;40px&#8221; custom_margin=&#8221;||2px|||&#8221; custom_padding=&#8221;||44px|||&#8221;]<\/p>\n<p style=\"text-align: center;\">Viestill\u00e4<\/p>\n<p>[\/et_pb_text][\/et_pb_column][\/et_pb_row][et_pb_row max_width=&#8221;595px&#8221; _builder_version=&#8221;3.22.2&#8243; custom_padding=&#8221;7px||0px|||&#8221;][et_pb_column type=&#8221;4_4&#8243; _builder_version=&#8221;3.22.2&#8243;][et_pb_code _builder_version=&#8221;3.22.2&#8243;]<div class=\"wpforms-container wpforms-container-full\" id=\"wpforms-1319\"><form id=\"wpforms-form-1319\" class=\"wpforms-validate wpforms-form\" data-formid=\"1319\" method=\"post\" enctype=\"multipart\/form-data\" action=\"\/index.php\/wp-json\/wp\/v2\/pages\/27\"><div class=\"wpforms-field-container\"><div id=\"wpforms-1319-field_0-container\" class=\"wpforms-field wpforms-field-name\" data-field-id=\"0\"><label class=\"wpforms-field-label\" for=\"wpforms-1319-field_0\">Nimesi <span class=\"wpforms-required-label\">*<\/span><\/label><input type=\"text\" id=\"wpforms-1319-field_0\" class=\"wpforms-field-medium wpforms-field-required\" name=\"wpforms[fields][0]\" required><\/div><div id=\"wpforms-1319-field_1-container\" class=\"wpforms-field wpforms-field-email\" data-field-id=\"1\"><label class=\"wpforms-field-label\" for=\"wpforms-1319-field_1\">S\u00e4hk\u00f6postisi: <span class=\"wpforms-required-label\">*<\/span><\/label><input type=\"email\" id=\"wpforms-1319-field_1\" class=\"wpforms-field-medium wpforms-field-required\" name=\"wpforms[fields][1]\" required><\/div><div id=\"wpforms-1319-field_2-container\" class=\"wpforms-field wpforms-field-textarea\" data-field-id=\"2\"><label class=\"wpforms-field-label\" for=\"wpforms-1319-field_2\">Viestisi: <span class=\"wpforms-required-label\">*<\/span><\/label><textarea id=\"wpforms-1319-field_2\" class=\"wpforms-field-medium wpforms-field-required\" name=\"wpforms[fields][2]\" required><\/textarea><\/div><\/div><div class=\"wpforms-field wpforms-field-hp\"><label for=\"wpforms-1319-field-hp\" class=\"wpforms-field-label\">Email<\/label><input type=\"text\" name=\"wpforms[hp]\" id=\"wpforms-1319-field-hp\" class=\"wpforms-field-medium\"><\/div><div class=\"wpforms-submit-container\" ><input type=\"hidden\" name=\"wpforms[id]\" value=\"1319\"><input type=\"hidden\" name=\"wpforms[author]\" value=\"1\"><button type=\"submit\" name=\"wpforms[submit]\" class=\"wpforms-submit \" id=\"wpforms-submit-1319\" value=\"wpforms-submit\" data-alt-text=\"L\u00e4hetet\u00e4\u00e4n...\">L\u00e4het\u00e4<\/button><\/div><\/form><\/div>[\/et_pb_code][\/et_pb_column][\/et_pb_row][et_pb_row _builder_version=&#8221;3.22&#8243;][et_pb_column type=&#8221;4_4&#8243; _builder_version=&#8221;3.21.2&#8243;][et_pb_image src=&#8221;http:\/\/oulunseutuvarasto.fi\/wp-content\/uploads\/2019\/04\/Soita.png&#8221; url=&#8221;tel:%20Soittamalla%20040%20841%204351%20%20&#8243; align=&#8221;center&#8221; _builder_version=&#8221;3.22.2&#8243; custom_margin=&#8221;||15px|||&#8221; animation_style=&#8221;bounce&#8221; animation_duration=&#8221;1300ms&#8221; animation_delay=&#8221;500ms&#8221;][\/et_pb_image][et_pb_text _builder_version=&#8221;3.22.2&#8243; text_font=&#8221;|600|||||||&#8221; text_font_size=&#8221;40px&#8221; text_line_height=&#8221;1.2em&#8221;]<\/p>\n<p style=\"text-align: center;\">Soittamalla<br \/> 040 841 4351<\/p>\n<p>[\/et_pb_text][\/et_pb_column][\/et_pb_row][\/et_pb_section][et_pb_section fb_built=&#8221;1&#8243; disabled_on=&#8221;off|on|on&#8221; _builder_version=&#8221;3.22.2&#8243; background_color=&#8221;#ffeb1a&#8221; custom_margin=&#8221;-300px||&#8221; custom_padding=&#8221;2px|0px|15px|0px|false|false&#8221;][et_pb_row custom_padding=&#8221;41px|||||&#8221; _builder_version=&#8221;3.22.2&#8243; max_width=&#8221;595px&#8221; use_custom_width=&#8221;on&#8221; custom_width_px=&#8221;500px&#8221;][et_pb_column type=&#8221;4_4&#8243; _builder_version=&#8221;3.21.2&#8243;][et_pb_image src=&#8221;http:\/\/oulunseutuvarasto.fi\/wp-content\/uploads\/2019\/04\/Viesti.png&#8221; url=&#8221;mailto:info@oulunseutuvarasto.fi&#8221; align=&#8221;center&#8221; _builder_version=&#8221;3.22.2&#8243; custom_margin=&#8221;-21px|||||&#8221; animation_style=&#8221;bounce&#8221; animation_duration=&#8221;1300ms&#8221; animation_delay=&#8221;500ms&#8221;][\/et_pb_image][et_pb_text _builder_version=&#8221;3.21.2&#8243; text_font=&#8221;|600|||||||&#8221; text_font_size=&#8221;40px&#8221; custom_margin=&#8221;||20px&#8221; custom_padding=&#8221;||44px|||&#8221;]<\/p>\n<p style=\"text-align: center;\">Viestill\u00e4<\/p>\n<p>[\/et_pb_text][et_pb_contact_form captcha=&#8221;off&#8221; email=&#8221;info@oulunseutuvarasto.fi&#8221; success_message=&#8221;Viestisi l\u00e4hetettiin onnistuneesti!&#8221; submit_button_text=&#8221;L\u00e4het\u00e4&#8221; form_background_color=&#8221;#ffffff&#8221; _builder_version=&#8221;3.22.2&#8243; title_font=&#8221;||||||||&#8221; form_field_font=&#8221;||||||||&#8221; form_field_text_color=&#8221;#000000&#8243; custom_button=&#8221;on&#8221; button_text_color=&#8221;#000000&#8243; button_bg_color=&#8221;#ffeb1a&#8221; button_border_color=&#8221;#000000&#8243; button_font=&#8221;|600|||||||&#8221;][et_pb_contact_field field_id=&#8221;Name&#8221; field_title=&#8221;Nimesi&#8221; _builder_version=&#8221;3.21.2&#8243; border_radii=&#8221;on||||&#8221; button_text_size__hover_enabled=&#8221;off&#8221; button_one_text_size__hover_enabled=&#8221;off&#8221; button_two_text_size__hover_enabled=&#8221;off&#8221; button_text_color__hover_enabled=&#8221;off&#8221; button_one_text_color__hover_enabled=&#8221;off&#8221; button_two_text_color__hover_enabled=&#8221;off&#8221; button_border_width__hover_enabled=&#8221;off&#8221; button_one_border_width__hover_enabled=&#8221;off&#8221; button_two_border_width__hover_enabled=&#8221;off&#8221; button_border_color__hover_enabled=&#8221;off&#8221; button_one_border_color__hover_enabled=&#8221;off&#8221; button_two_border_color__hover_enabled=&#8221;off&#8221; button_border_radius__hover_enabled=&#8221;off&#8221; button_one_border_radius__hover_enabled=&#8221;off&#8221; button_two_border_radius__hover_enabled=&#8221;off&#8221; button_letter_spacing__hover_enabled=&#8221;off&#8221; button_one_letter_spacing__hover_enabled=&#8221;off&#8221; button_two_letter_spacing__hover_enabled=&#8221;off&#8221; button_bg_color__hover_enabled=&#8221;off&#8221; button_one_bg_color__hover_enabled=&#8221;off&#8221; button_two_bg_color__hover_enabled=&#8221;off&#8221;][\/et_pb_contact_field][et_pb_contact_field field_id=&#8221;Email&#8221; field_title=&#8221;S\u00e4hk\u00f6postiosoitteesi&#8221; field_type=&#8221;email&#8221; _builder_version=&#8221;3.21.2&#8243; border_radii=&#8221;on||||&#8221; button_text_size__hover_enabled=&#8221;off&#8221; button_one_text_size__hover_enabled=&#8221;off&#8221; button_two_text_size__hover_enabled=&#8221;off&#8221; button_text_color__hover_enabled=&#8221;off&#8221; button_one_text_color__hover_enabled=&#8221;off&#8221; button_two_text_color__hover_enabled=&#8221;off&#8221; button_border_width__hover_enabled=&#8221;off&#8221; button_one_border_width__hover_enabled=&#8221;off&#8221; button_two_border_width__hover_enabled=&#8221;off&#8221; button_border_color__hover_enabled=&#8221;off&#8221; button_one_border_color__hover_enabled=&#8221;off&#8221; button_two_border_color__hover_enabled=&#8221;off&#8221; button_border_radius__hover_enabled=&#8221;off&#8221; button_one_border_radius__hover_enabled=&#8221;off&#8221; button_two_border_radius__hover_enabled=&#8221;off&#8221; button_letter_spacing__hover_enabled=&#8221;off&#8221; button_one_letter_spacing__hover_enabled=&#8221;off&#8221; button_two_letter_spacing__hover_enabled=&#8221;off&#8221; button_bg_color__hover_enabled=&#8221;off&#8221; button_one_bg_color__hover_enabled=&#8221;off&#8221; button_two_bg_color__hover_enabled=&#8221;off&#8221;][\/et_pb_contact_field][et_pb_contact_field field_id=&#8221;Message&#8221; field_title=&#8221;Viestisi&#8221; field_type=&#8221;text&#8221; fullwidth_field=&#8221;on&#8221; _builder_version=&#8221;3.21.2&#8243; border_radii=&#8221;on||||&#8221; button_text_size__hover_enabled=&#8221;off&#8221; button_one_text_size__hover_enabled=&#8221;off&#8221; button_two_text_size__hover_enabled=&#8221;off&#8221; button_text_color__hover_enabled=&#8221;off&#8221; button_one_text_color__hover_enabled=&#8221;off&#8221; button_two_text_color__hover_enabled=&#8221;off&#8221; button_border_width__hover_enabled=&#8221;off&#8221; button_one_border_width__hover_enabled=&#8221;off&#8221; button_two_border_width__hover_enabled=&#8221;off&#8221; button_border_color__hover_enabled=&#8221;off&#8221; button_one_border_color__hover_enabled=&#8221;off&#8221; button_two_border_color__hover_enabled=&#8221;off&#8221; button_border_radius__hover_enabled=&#8221;off&#8221; button_one_border_radius__hover_enabled=&#8221;off&#8221; button_two_border_radius__hover_enabled=&#8221;off&#8221; button_letter_spacing__hover_enabled=&#8221;off&#8221; button_one_letter_spacing__hover_enabled=&#8221;off&#8221; button_two_letter_spacing__hover_enabled=&#8221;off&#8221; button_bg_color__hover_enabled=&#8221;off&#8221; button_one_bg_color__hover_enabled=&#8221;off&#8221; button_two_bg_color__hover_enabled=&#8221;off&#8221;][\/et_pb_contact_field][\/et_pb_contact_form][\/et_pb_column][\/et_pb_row][et_pb_row _builder_version=&#8221;3.22&#8243;][et_pb_column type=&#8221;4_4&#8243; _builder_version=&#8221;3.21.2&#8243;][et_pb_image src=&#8221;http:\/\/oulunseutuvarasto.fi\/wp-content\/uploads\/2019\/04\/Soita.png&#8221; url=&#8221;tel:%20Soittamalla%20040%20841%204351%20%20&#8243; align=&#8221;center&#8221; _builder_version=&#8221;3.22.2&#8243; custom_margin=&#8221;||15px|||&#8221; animation_style=&#8221;bounce&#8221; animation_duration=&#8221;1300ms&#8221; animation_delay=&#8221;500ms&#8221;][\/et_pb_image][et_pb_text _builder_version=&#8221;3.22.2&#8243; text_font=&#8221;|600|||||||&#8221; text_font_size=&#8221;40px&#8221; text_line_height=&#8221;1.2em&#8221;]<\/p>\n<p style=\"text-align: center;\">Soittamalla<br \/> 040 841 4351<\/p>\n<p>[\/et_pb_text][\/et_pb_column][\/et_pb_row][\/et_pb_section][et_pb_section fb_built=&#8221;1&#8243; fullwidth=&#8221;on&#8221; _builder_version=&#8221;3.22.2&#8243; custom_margin=&#8221;||-15px&#8221; custom_padding=&#8221;0px|0px|0|0px|false|false&#8221;][et_pb_fullwidth_code _builder_version=&#8221;3.21.2&#8243;]<iframe loading=\"lazy\" src=\"https:\/\/www.google.com\/maps\/embed?pb=!1m18!1m12!1m3!1d1681.2945859625177!2d25.467646716311034!3d65.07722828402453!2m3!1f0!2f0!3f0!3m2!1i1024!2i768!4f13.1!3m3!1m2!1s0x46802cff1f557faf%3A0x676fd1acc4cb4826!2sRatsastuskent%C3%A4ntie+9%2C+90540+Oulu!5e0!3m2!1sfi!2sfi!4v1554294512468!5m2!1sfi!2sfi\" width=\"2000\" height=\"500\" frameborder=\"0\" style=\"border:0\" allowfullscreen><\/iframe>[\/et_pb_fullwidth_code][\/et_pb_section][et_pb_section fb_built=&#8221;1&#8243; _builder_version=&#8221;3.22&#8243; background_color=&#8221;#ffeb1a&#8221; custom_padding=&#8221;54px|0px|0|0px|false|false&#8221;][et_pb_row _builder_version=&#8221;3.22&#8243;][et_pb_column type=&#8221;4_4&#8243; _builder_version=&#8221;3.21.2&#8243;][et_pb_text _builder_version=&#8221;3.22.2&#8243; text_font=&#8221;|600|||||||&#8221; text_font_size=&#8221;24px&#8221; header_font=&#8221;|700|||||||&#8221; header_font_size=&#8221;40px&#8221; header_2_font=&#8221;|700|||||||&#8221; header_2_font_size=&#8221;30px&#8221;]<\/p>\n<h2 style=\"text-align: center;\">Oulunseutuvarasto<\/h2>\n<p style=\"text-align: center;\">Ratsastuskent\u00e4ntie 9, 90540 OULU<\/p>\n<p style=\"text-align: center;\"><span style=\"color: #000000;\"><a href=\"tel:%20040 8414 351\" style=\"color: #000000;\">040 8414 351<\/a><\/span><br \/> <span style=\"color: #000000;\"><a href=\"mailto:info@oulunseutuvarasto.fi\"><span style=\"color: #000000;\">info@oulunseutuvarasto.fi<\/span><\/a><a href=\"mailto:%20ilkka.turunen@raatalitalo.fi\" style=\"color: #000000;\"><\/a><\/span><\/p>\n<p>[\/et_pb_text][et_pb_text _builder_version=&#8221;3.22.2&#8243; text_font=&#8221;||||||||&#8221; text_text_color=&#8221;#000000&#8243; text_font_size=&#8221;24px&#8221;]<\/p>\n<p style=\"text-align: center;\"><span style=\"text-decoration: underline;\"><a href=\"http:\/\/oulunseutuvarasto.fi\/wp-content\/uploads\/2019\/04\/Tietosuojaseloste_oulunseutuvarasto.pdf\" target=\"_blank\" rel=\"noopener noreferrer\"><strong><span style=\"color: #000000; text-decoration: underline;\">Tietosuojaseloste<\/span><\/strong><\/a><\/span><\/p>\n<p>[\/et_pb_text][\/et_pb_column][\/et_pb_row][\/et_pb_section]<\/p>\n","protected":false},"excerpt":{"rendered":"<p>[et_pb_section fb_built=&#8221;1&#8243; disabled_on=&#8221;on|on|off&#8221; _builder_version=&#8221;3.22.2&#8243; background_image=&#8221;http:\/\/oulunseutuvarasto.fi\/wp-content\/uploads\/2019\/04\/YHTEYS-1.jpg&#8221; parallax=&#8221;on&#8221; custom_padding=&#8221;206px||0px|||&#8221;][et_pb_row background_color_1=&#8221;rgba(0,0,0,0)&#8221; _builder_version=&#8221;3.22.2&#8243; background_color=&#8221;rgba(0,0,0,0)&#8221; width=&#8221;100%&#8221; max_width=&#8221;595px&#8221; module_alignment=&#8221;center&#8221; min_height=&#8221;597px&#8221; animation_direction=&#8221;bottom&#8221; use_custom_width=&#8221;on&#8221; custom_width_px=&#8221;690px&#8221;][et_pb_column type=&#8221;4_4&#8243; _builder_version=&#8221;3.21.2&#8243;][et_pb_text _builder_version=&#8221;3.22.2&#8243; text_font=&#8221;||||||||&#8221; text_font_size=&#8221;28px&#8221; text_line_height=&#8221;1.2em&#8221; header_font=&#8221;|600|||||||&#8221; header_font_size=&#8221;56px&#8221; background_color=&#8221;rgba(0,0,0,0)&#8221; animation_style=&#8221;zoom&#8221; animation_duration=&#8221;1200ms&#8221;] Etsitk\u00f6 varastotilaa? Vuokraa tiloja ottamalla yhteytt\u00e4 meihin s\u00e4hk\u00f6postitse tai soittamalla. Kerro meille mink\u00e4 kokoista tilaa olet etsim\u00e4ss\u00e4 ja kuinka pitk\u00e4ksi aikaa. Autamme sinua mielell\u00e4mme. [\/et_pb_text][\/et_pb_column][\/et_pb_row][\/et_pb_section][et_pb_section fb_built=&#8221;1&#8243; disabled_on=&#8221;off|on|on&#8221; [&hellip;]<\/p>\n","protected":false},"author":1,"featured_media":0,"parent":0,"menu_order":4,"comment_status":"closed","ping_status":"closed","template":"","meta":{"_et_pb_use_builder":"on","_et_pb_old_content":""},"_links":{"self":[{"href":"https:\/\/oulunseutuvarasto.fi\/index.php\/wp-json\/wp\/v2\/pages\/27"}],"collection":[{"href":"https:\/\/oulunseutuvarasto.fi\/index.php\/wp-json\/wp\/v2\/pages"}],"about":[{"href":"https:\/\/oulunseutuvarasto.fi\/index.php\/wp-json\/wp\/v2\/types\/page"}],"author":[{"embeddable":true,"href":"https:\/\/oulunseutuvarasto.fi\/index.php\/wp-json\/wp\/v2\/users\/1"}],"replies":[{"embeddable":true,"href":"https:\/\/oulunseutuvarasto.fi\/index.php\/wp-json\/wp\/v2\/comments?post=27"}],"version-history":[{"count":145,"href":"https:\/\/oulunseutuvarasto.fi\/index.php\/wp-json\/wp\/v2\/pages\/27\/revisions"}],"predecessor-version":[{"id":1321,"href":"https:\/\/oulunseutuvarasto.fi\/index.php\/wp-json\/wp\/v2\/pages\/27\/revisions\/1321"}],"wp:attachment":[{"href":"https:\/\/oulunseutuvarasto.fi\/index.php\/wp-json\/wp\/v2\/media?parent=27"}],"curies":[{"name":"wp","href":"https:\/\/api.w.org\/{rel}","templated":true}]}}